{"id":1732,"date":"2024-11-27T04:58:11","date_gmt":"2024-11-27T04:58:11","guid":{"rendered":"http:\/\/192.168.0.134:10017\/?page_id=1732"},"modified":"2025-05-28T23:19:21","modified_gmt":"2025-05-28T23:19:21","slug":"faq","status":"publish","type":"page","link":"https:\/\/nuevedoce912.com\/index.php\/faq\/","title":{"rendered":"FAQ"},"content":{"rendered":"\t\t<div data-elementor-type=\"wp-page\" data-elementor-id=\"1732\" class=\"elementor elementor-1732\">\n\t\t\t\t<div class=\"no-position  elementor-element elementor-element-2329d2c e-flex e-con-boxed e-con e-parent\" data-id=\"2329d2c\" data-element_type=\"container\" data-settings=\"{&quot;background_background&quot;:&quot;classic&quot;}\">\n\t\t\t\t\t<div class=\"e-con-inner\">\n\t\t\t\t<div class=\"elementor-element elementor-element-314d3ae gsap-move-no rs-tween_max_btn-no elementor-widget elementor-widget-page-title\" data-id=\"314d3ae\" data-element_type=\"widget\" data-settings=\"{&quot;align&quot;:&quot;center&quot;}\" data-widget_type=\"page-title.default\">\n\t\t\t\t<div class=\"elementor-widget-container\">\n\t\t\t\t\t\t\t\n\t\t<div class=\"hfe-page-title hfe-page-title-wrapper elementor-widget-heading\">\n\t\t\t\n\t\t\t<h1 class=\"elementor-heading-title elementor-size\">\n\t\t\t\tFAQ\t\t\t<\/h1 > \n\n\t\t\t\t\t\t\t\t<\/div>\n\t\t\t\t\t\t<\/div>\n\t\t\t\t<\/div>\n\t\t\t\t<div class=\"elementor-element elementor-element-1014640 gsap-move-no rs-tween_max_btn-no elementor-widget elementor-widget-rs-breadcrumb\" data-id=\"1014640\" data-element_type=\"widget\" data-widget_type=\"rs-breadcrumb.default\">\n\t\t\t\t<div class=\"elementor-widget-container\">\n\t\t\t\t\t                    <div class=\"breadcrumb-area style3\"> \n                <div class=\"breadcrumbs-inner\"> \n                    <!-- Breadcrumb NavXT 7.4.1 -->\n<span property=\"itemListElement\" typeof=\"ListItem\"><a property=\"item\" typeof=\"WebPage\" title=\"Go to NueveDoce.\" href=\"https:\/\/nuevedoce912.com\" class=\"home\" ><span property=\"name\">NueveDoce<\/span><\/a><meta property=\"position\" content=\"1\"><\/span> &gt; <span property=\"itemListElement\" typeof=\"ListItem\"><a property=\"item\" typeof=\"WebPage\" title=\"Go to Noticias.\" href=\"https:\/\/nuevedoce912.com\/index.php\/noticias\/\" class=\"post-root post post-post\" aria-current=\"page\"><span property=\"name\">Noticias<\/span><\/a><meta property=\"position\" content=\"2\"><\/span>                <\/div>\n            <\/div> \n          \n    \t\t\t\t<\/div>\n\t\t\t\t<\/div>\n\t\t\t\t\t<\/div>\n\t\t\t\t<\/div>\n\t\t<div class=\"no-position  elementor-element elementor-element-e757cf9 e-flex e-con-boxed e-con e-parent\" data-id=\"e757cf9\" data-element_type=\"container\">\n\t\t\t\t\t<div class=\"e-con-inner\">\n\t\t<div class=\"no-position  elementor-element elementor-element-8e72092 e-con-full e-flex e-con e-child\" data-id=\"8e72092\" data-element_type=\"container\">\n\t\t\t\t<div class=\"elementor-element elementor-element-5a32a46 gsap-move-no rs-tween_max_btn-no elementor-widget elementor-widget-rs-heading\" data-id=\"5a32a46\" data-element_type=\"widget\" data-widget_type=\"rs-heading.default\">\n\t\t\t\t<div class=\"elementor-widget-container\">\n\t\t\t\t\t\n\t\t<div class=\"prelements-heading style1    animate-\">\n\t\t\t<div class=\"title-inner\">\n\t\t\t\t\t\t\t\t\t<span class=\"sub-text\">\n\t\t\t\t\t\tPREGUNTAS FRECUENTES\t\t\t\t\t<\/span>\n\t\t\t\t<h2 class=\"title rs-split-text-enable split-in-left\">Estamos aqu\u00ed para ayudarte<\/h2>\n\t\t\t<\/div>\n\t\t\t\t\t<\/div>\n\t\t\t\t<\/div>\n\t\t\t\t<\/div>\n\t\t\r\n            <style>\r\n                .elementor-element-57f0470 img{\n   clip-path: polygon(90% 0%, 100% 50%, 90% 100%, 0% 100%, 12% 50%, 0% 0%);\n\n\n}            <\/style>\r\n\r\n        \t\t<div class=\"elementor-element elementor-element-57f0470 gsap-move-no rs-tween_max_btn-no elementor-widget elementor-widget-rs-image\" data-id=\"57f0470\" data-element_type=\"widget\" data-widget_type=\"rs-image.default\">\n\t\t\t\t<div class=\"elementor-widget-container\">\n\t\t\t\t\t\n        <div class=\"rs-image no ruler_image_no ruler_position_  \">\n                                                            <img decoding=\"async\" class=\"rs-multi-image  reverse- blend_unset\" src=\"https:\/\/nuevedoce912.com\/wp-content\/uploads\/2025\/05\/nuevedoce-servicios-faq.jpg\" alt=\"nuevedoce-servicios-faq\"\/>\n                                                                        <\/div>   \n          \n    \t\t\t\t<\/div>\n\t\t\t\t<\/div>\n\t\t\t\t<\/div>\n\t\t<div class=\"no-position  elementor-element elementor-element-037f9e1 e-con-full e-flex e-con e-child\" data-id=\"037f9e1\" data-element_type=\"container\">\n\t\t\t\t<div class=\"elementor-element elementor-element-405a6c2 gsap-move-no rs-tween_max_btn-no elementor-widget elementor-widget-rs-accordions-custom\" data-id=\"405a6c2\" data-element_type=\"widget\" data-widget_type=\"rs-accordions-custom.default\">\n\t\t\t\t<div class=\"elementor-widget-container\">\n\t\t\t\t\t\n            <div class=\"rs-accordion-area accordion style1\" id=\"rs_accordion_inner_33650\">\n                \n                <div class=\"accordion-item \">\n                    <div class=\"accordion-header\" id=\"heading294608\">\n                        <div class=\"accordion-button collapsed\" data-bs-toggle=\"collapse\" data-bs-target=\"#collapse_294608\" aria-controls=\"collapse_294608\">\n                                                            <span class=\"elementor-accordion-icon elementor-accordion-icon-left\" aria-hidden=\"true\">\n                                                                            <span class=\"elementor-accordion-icon-closed\"><\/span>\n                                        <span class=\"elementor-accordion-icon-opened\"><\/span>\n                                                                    <\/span>\n                                                    \n\n                            \n                                                        <div class=\"tab-title\">\u00bfQu\u00e9 tipo de productos pueden transportar?<\/div>\n                            \n                            \n                        <\/div>\n                    <\/div>\n\n                                        <div id=\"collapse_294608\" class=\"accordion-collapse collapse \" aria-labelledby=\"heading294608\" data-bs-parent=\"#rs_accordion_inner_33650\">\n                        <div class=\"accordion-body\">\n                                                        <div class=\"content_wrapper\">\n                                <p>Desde bienes de consumo hasta maquinaria pesada. Evaluamos cada caso para ofrecer la mejor soluci\u00f3n log\u00edstica.<\/p>                            <\/div>\n                                                    <\/div>\n                    <\/div>\n                                    <\/div>\n                  \n                <div class=\"accordion-item active\">\n                    <div class=\"accordion-header\" id=\"heading294609\">\n                        <div class=\"accordion-button \" data-bs-toggle=\"collapse\" data-bs-target=\"#collapse_294609\" aria-controls=\"collapse_294609\">\n                                                            <span class=\"elementor-accordion-icon elementor-accordion-icon-left\" aria-hidden=\"true\">\n                                                                            <span class=\"elementor-accordion-icon-closed\"><\/span>\n                                        <span class=\"elementor-accordion-icon-opened\"><\/span>\n                                                                    <\/span>\n                                                    \n\n                            \n                                                        <div class=\"tab-title\">\u00bfTrabajan con empresas peque\u00f1as o solo grandes corporativos?<\/div>\n                            \n                            \n                        <\/div>\n                    <\/div>\n\n                                        <div id=\"collapse_294609\" class=\"accordion-collapse collapse show\" aria-labelledby=\"heading294609\" data-bs-parent=\"#rs_accordion_inner_33650\">\n                        <div class=\"accordion-body\">\n                                                        <div class=\"content_wrapper\">\n                                <p>Trabajamos con empresas de todos los tama\u00f1os. Lo importante es tener una operaci\u00f3n que requiera eficiencia, control y visi\u00f3n estrat\u00e9gica.<\/p>                            <\/div>\n                                                    <\/div>\n                    <\/div>\n                                    <\/div>\n                  \n                <div class=\"accordion-item \">\n                    <div class=\"accordion-header\" id=\"heading294610\">\n                        <div class=\"accordion-button collapsed\" data-bs-toggle=\"collapse\" data-bs-target=\"#collapse_294610\" aria-controls=\"collapse_294610\">\n                                                            <span class=\"elementor-accordion-icon elementor-accordion-icon-left\" aria-hidden=\"true\">\n                                                                            <span class=\"elementor-accordion-icon-closed\"><\/span>\n                                        <span class=\"elementor-accordion-icon-opened\"><\/span>\n                                                                    <\/span>\n                                                    \n\n                            \n                                                        <div class=\"tab-title\">\u00bfCu\u00e1nto tarda una cotizaci\u00f3n?<\/div>\n                            \n                            \n                        <\/div>\n                    <\/div>\n\n                                        <div id=\"collapse_294610\" class=\"accordion-collapse collapse \" aria-labelledby=\"heading294610\" data-bs-parent=\"#rs_accordion_inner_33650\">\n                        <div class=\"accordion-body\">\n                                                        <div class=\"content_wrapper\">\n                                <p>Dependiendo del servicio, podemos darte una respuesta preliminar en menos de 24 horas.<\/p>                            <\/div>\n                                                    <\/div>\n                    <\/div>\n                                    <\/div>\n                  \n                <div class=\"accordion-item \">\n                    <div class=\"accordion-header\" id=\"heading294611\">\n                        <div class=\"accordion-button collapsed\" data-bs-toggle=\"collapse\" data-bs-target=\"#collapse_294611\" aria-controls=\"collapse_294611\">\n                                                            <span class=\"elementor-accordion-icon elementor-accordion-icon-left\" aria-hidden=\"true\">\n                                                                            <span class=\"elementor-accordion-icon-closed\"><\/span>\n                                        <span class=\"elementor-accordion-icon-opened\"><\/span>\n                                                                    <\/span>\n                                                    \n\n                            \n                                                        <div class=\"tab-title\">\u00bfOfrecen rastreo en tiempo real?<\/div>\n                            \n                            \n                        <\/div>\n                    <\/div>\n\n                                        <div id=\"collapse_294611\" class=\"accordion-collapse collapse \" aria-labelledby=\"heading294611\" data-bs-parent=\"#rs_accordion_inner_33650\">\n                        <div class=\"accordion-body\">\n                                                        <div class=\"content_wrapper\">\n                                <p>S\u00ed, todos nuestros servicios incluyen trazabilidad y monitoreo continuo.<\/p>                            <\/div>\n                                                    <\/div>\n                    <\/div>\n                                    <\/div>\n                  \n                <div class=\"accordion-item \">\n                    <div class=\"accordion-header\" id=\"heading294612\">\n                        <div class=\"accordion-button collapsed\" data-bs-toggle=\"collapse\" data-bs-target=\"#collapse_294612\" aria-controls=\"collapse_294612\">\n                                                            <span class=\"elementor-accordion-icon elementor-accordion-icon-left\" aria-hidden=\"true\">\n                                                                            <span class=\"elementor-accordion-icon-closed\"><\/span>\n                                        <span class=\"elementor-accordion-icon-opened\"><\/span>\n                                                                    <\/span>\n                                                    \n\n                            \n                                                        <div class=\"tab-title\">\u00bfQu\u00e9 certificaciones tienen?<\/div>\n                            \n                            \n                        <\/div>\n                    <\/div>\n\n                                        <div id=\"collapse_294612\" class=\"accordion-collapse collapse \" aria-labelledby=\"heading294612\" data-bs-parent=\"#rs_accordion_inner_33650\">\n                        <div class=\"accordion-body\">\n                                                        <div class=\"content_wrapper\">\n                                <p>Contamos con aliados y operadores certificados en comercio exterior, normativas aduanales y transporte seguro.<\/p>                            <\/div>\n                                                    <\/div>\n                    <\/div>\n                                    <\/div>\n                            <\/div>\n            <script>\n                jQuery(document).ready(function($) {\n                    $('#rs_accordion_inner_33650 .accordion-collapse').on('show.bs.collapse', function () {\n                        $(this).closest('.accordion-item').addClass('active');\n                    });\n\n                    $('#rs_accordion_inner_33650 .accordion-collapse').on('hide.bs.collapse', function () {\n                        $(this).closest('.accordion-item').removeClass('active');\n                    });\n                });\n            <\/script>\n        \t\t\t\t<\/div>\n\t\t\t\t<\/div>\n\t\t\t\t<\/div>\n\t\t\t\t\t<\/div>\n\t\t\t\t<\/div>\n\t\t\t\t<\/div>\n\t\t","protected":false},"excerpt":{"rendered":"<p>FAQ NueveDoce &gt; Noticias PREGUNTAS FRECUENTES Estamos aqu\u00ed para ayudarte \u00bfQu\u00e9 tipo de productos pueden transportar? Desde bienes de consumo hasta maquinaria pesada. Evaluamos cada caso para ofrecer la mejor soluci\u00f3n log\u00edstica. \u00bfTrabajan con empresas peque\u00f1as o solo grandes corporativos? Trabajamos con empresas de todos los tama\u00f1os. Lo importante es tener una operaci\u00f3n que requiera&#8230;<\/p>\n","protected":false},"author":1,"featured_media":0,"parent":0,"menu_order":0,"comment_status":"closed","ping_status":"closed","template":"elementor_header_footer","meta":{"footnotes":""},"class_list":["post-1732","page","type-page","status-publish","hentry"],"_links":{"self":[{"href":"https:\/\/nuevedoce912.com\/index.php\/wp-json\/wp\/v2\/pages\/1732","targetHints":{"allow":["GET"]}}],"collection":[{"href":"https:\/\/nuevedoce912.com\/index.php\/wp-json\/wp\/v2\/pages"}],"about":[{"href":"https:\/\/nuevedoce912.com\/index.php\/wp-json\/wp\/v2\/types\/page"}],"author":[{"embeddable":true,"href":"https:\/\/nuevedoce912.com\/index.php\/wp-json\/wp\/v2\/users\/1"}],"replies":[{"embeddable":true,"href":"https:\/\/nuevedoce912.com\/index.php\/wp-json\/wp\/v2\/comments?post=1732"}],"version-history":[{"count":7,"href":"https:\/\/nuevedoce912.com\/index.php\/wp-json\/wp\/v2\/pages\/1732\/revisions"}],"predecessor-version":[{"id":10052,"href":"https:\/\/nuevedoce912.com\/index.php\/wp-json\/wp\/v2\/pages\/1732\/revisions\/10052"}],"wp:attachment":[{"href":"https:\/\/nuevedoce912.com\/index.php\/wp-json\/wp\/v2\/media?parent=1732"}],"curies":[{"name":"wp","href":"https:\/\/api.w.org\/{rel}","templated":true}]}}